{"id":515,"date":"2023-03-31T15:25:46","date_gmt":"2023-03-31T13:25:46","guid":{"rendered":"https:\/\/rainette-btob.com\/?page_id=515"},"modified":"2025-09-04T08:11:35","modified_gmt":"2025-09-04T06:11:35","slug":"mentions-legales","status":"publish","type":"page","link":"https:\/\/rainette-btob.com\/en\/mentions-legales\/","title":{"rendered":"Terms of use\u00a0"},"content":{"rendered":"<p>In accordance with the provisions of law no. 2004-575 of June 21, 2004 on confidence in the digital economy, users of the www.rainette-btob.com.com website are informed of the identity of the various parties involved in its creation and follow-up.<\/p>\r\n<p>&nbsp;<\/p>\r\n\r\n\r\n\r\n<h2>Site editing<\/h2>\r\n\r\n\r\n\r\n<p>This site, accessible at the URL www.rainette-btob.com (the \"Site\"), is published by Rainette, a company with capital of 4,000 euros, registered with the R.C.S. of Bobigny under the number 83383668700016, whose registered office is located at 18 passage des Sablons 93260 Les Lilas, represented by Bahar ASHOURI, duly authorized,<\/p>\r\n\r\n\r\n\r\n<p>Individual VAT number: FR62833836687<br \/>Contact: <a href=\"mailto:rainette@rainette-shop.com\">rainette@rainette-shop.com<\/a><\/p>\r\n<p>&nbsp;<\/p>\r\n\r\n\r\n\r\n<h2>Hosting<\/h2>\r\n\r\n\r\n\r\n<p>The Site is hosted by Hostinger on its servers in France.<\/p>\r\n<p>&nbsp;<\/p>\r\n\r\n\r\n\r\n<h2>Operations Manager<\/h2>\r\n\r\n\r\n\r\n<p>The Site's Publishing Director is Bahar Ashouri<\/p>\r\n<p>&nbsp;<\/p>\r\n\r\n\r\n\r\n<h2>Data Protection Act<\/h2>\r\n\r\n\r\n\r\n<p>In accordance with the French Data Protection Act of January 6, 1978, as amended, you have the right to access and rectify information concerning you.  You may also, for legitimate reasons, object to the processing of your personal data by contacting rainette@rainette-shop.com or by writing to Rainette, 44 rue du Vertbois 75003 Paris.<\/p>\r\n\r\n\r\n\r\n<p>The Company's collection and processing of personal data has been the subject of a simplified declaration to the French data protection authority (Commission Nationale de l'Informatique et des Libert\u00e9s - CNIL) under number 2144693 v0.<\/p>","protected":false},"excerpt":{"rendered":"<p>In accordance with the provisions of law no. 2004-575 of June 21, 2004 on confidence in the digital economy, users of the www.rainette-btob.com.com website are informed of the identity of the various parties involved in its creation and follow-up. Site edition The present site, accessible at the URL www.rainette-btob.com (the \"Site\"), is [...]<\/p>","protected":false},"author":862,"featured_media":0,"parent":0,"menu_order":90,"comment_status":"closed","ping_status":"closed","template":"","meta":{"_acf_changed":false,"site-sidebar-layout":"default","site-content-layout":"","ast-site-content-layout":"default","site-content-style":"default","site-sidebar-style":"default","ast-global-header-display":"","ast-banner-title-visibility":"","ast-main-header-display":"","ast-hfb-above-header-display":"","ast-hfb-below-header-display":"","ast-hfb-mobile-header-display":"","site-post-title":"","ast-breadcrumbs-content":"","ast-featured-img":"","footer-sml-layout":"","theme-transparent-header-meta":"default","adv-header-id-meta":"","stick-header-meta":"default","header-above-stick-meta":"","header-main-stick-meta":"","header-below-stick-meta":"","astra-migrate-meta-layouts":"set","ast-page-background-enabled":"default","ast-page-background-meta":{"desktop":{"background-color":"var(--ast-global-color-4)","background-image":"","background-repeat":"repeat","background-position":"center center","background-size":"auto","background-attachment":"scroll","background-type":"","background-media":"","overlay-type":"","overlay-color":"","overlay-opacity":"","overlay-gradient":""},"tablet":{"background-color":"","background-image":"","background-repeat":"repeat","background-position":"center center","background-size":"auto","background-attachment":"scroll","background-type":"","background-media":"","overlay-type":"","overlay-color":"","overlay-opacity":"","overlay-gradient":""},"mobile":{"background-color":"","background-image":"","background-repeat":"repeat","background-position":"center center","background-size":"auto","background-attachment":"scroll","background-type":"","background-media":"","overlay-type":"","overlay-color":"","overlay-opacity":"","overlay-gradient":""}},"ast-content-background-meta":{"desktop":{"background-color":"var(--ast-global-color-5)","background-image":"","background-repeat":"repeat","background-position":"center center","background-size":"auto","background-attachment":"scroll","background-type":"","background-media":"","overlay-type":"","overlay-color":"","overlay-opacity":"","overlay-gradient":""},"tablet":{"background-color":"var(--ast-global-color-5)","background-image":"","background-repeat":"repeat","background-position":"center center","background-size":"auto","background-attachment":"scroll","background-type":"","background-media":"","overlay-type":"","overlay-color":"","overlay-opacity":"","overlay-gradient":""},"mobile":{"background-color":"var(--ast-global-color-5)","background-image":"","background-repeat":"repeat","background-position":"center center","background-size":"auto","background-attachment":"scroll","background-type":"","background-media":"","overlay-type":"","overlay-color":"","overlay-opacity":"","overlay-gradient":""}},"footnotes":""},"class_list":["post-515","page","type-page","status-publish","hentry"],"acf":[],"yoast_head":"<!-- This site is optimized with the Yoast SEO plugin v26.1.1 - https:\/\/yoast.com\/wordpress\/plugins\/seo\/ -->\n<title>Mentions l\u00e9gales\u00a0 - Rainette BtoB<\/title>\n<meta name=\"description\" content=\"Conform\u00e9ment aux dispositions de la loi n\u00b0 2004-575 du 21 juin 2004 pour la confiance en l&#039;\u00e9conomie num\u00e9rique, il est pr\u00e9cis\u00e9 aux utilisateurs du site\" \/>\n<meta name=\"robots\" content=\"index, follow, max-snippet:-1, max-image-preview:large, max-video-preview:-1\" \/>\n<link rel=\"canonical\" href=\"https:\/\/rainette-btob.com\/en\/mentions-legales\/\" \/>\n<meta property=\"og:locale\" content=\"en_US\" \/>\n<meta property=\"og:type\" content=\"article\" \/>\n<meta property=\"og:title\" content=\"Mentions l\u00e9gales\u00a0 - Rainette BtoB\" \/>\n<meta property=\"og:description\" content=\"Conform\u00e9ment aux dispositions de la loi n\u00b0 2004-575 du 21 juin 2004 pour la confiance en l&#039;\u00e9conomie num\u00e9rique, il est pr\u00e9cis\u00e9 aux utilisateurs du site\" \/>\n<meta property=\"og:url\" content=\"https:\/\/rainette-btob.com\/en\/mentions-legales\/\" \/>\n<meta property=\"og:site_name\" content=\"Rainette BtoB\" \/>\n<meta property=\"article:modified_time\" content=\"2025-09-04T06:11:35+00:00\" \/>\n<meta property=\"og:image\" content=\"https:\/\/rainette-btob.com\/wp-content\/uploads\/2023\/03\/SHOOT-RAINETTE-GRANDREFLECTEURS-YVESQUERE-BD-48.jpg\" \/>\n\t<meta property=\"og:image:width\" content=\"2000\" \/>\n\t<meta property=\"og:image:height\" content=\"1333\" \/>\n\t<meta property=\"og:image:type\" content=\"image\/jpeg\" \/>\n<meta name=\"twitter:card\" content=\"summary_large_image\" \/>\n<meta name=\"twitter:label1\" content=\"Est. reading time\" \/>\n\t<meta name=\"twitter:data1\" content=\"2 minutes\" \/>\n<script type=\"application\/ld+json\" class=\"yoast-schema-graph\">{\"@context\":\"https:\/\/schema.org\",\"@graph\":[{\"@type\":\"WebPage\",\"@id\":\"https:\/\/rainette-btob.com\/mentions-legales\/\",\"url\":\"https:\/\/rainette-btob.com\/mentions-legales\/\",\"name\":\"Mentions l\u00e9gales\u00a0 - Rainette BtoB\",\"isPartOf\":{\"@id\":\"https:\/\/rainette-btob.com\/#website\"},\"datePublished\":\"2023-03-31T13:25:46+00:00\",\"dateModified\":\"2025-09-04T06:11:35+00:00\",\"description\":\"Conform\u00e9ment aux dispositions de la loi n\u00b0 2004-575 du 21 juin 2004 pour la confiance en l'\u00e9conomie num\u00e9rique, il est pr\u00e9cis\u00e9 aux utilisateurs du site\",\"breadcrumb\":{\"@id\":\"https:\/\/rainette-btob.com\/mentions-legales\/#breadcrumb\"},\"inLanguage\":\"en-US\",\"potentialAction\":[{\"@type\":\"ReadAction\",\"target\":[\"https:\/\/rainette-btob.com\/mentions-legales\/\"]}]},{\"@type\":\"BreadcrumbList\",\"@id\":\"https:\/\/rainette-btob.com\/mentions-legales\/#breadcrumb\",\"itemListElement\":[{\"@type\":\"ListItem\",\"position\":1,\"name\":\"Accueil\",\"item\":\"https:\/\/rainette-btob.com\/\"},{\"@type\":\"ListItem\",\"position\":2,\"name\":\"Mentions l\u00e9gales\u00a0\"}]},{\"@type\":\"WebSite\",\"@id\":\"https:\/\/rainette-btob.com\/#website\",\"url\":\"https:\/\/rainette-btob.com\/\",\"name\":\"Rainette btob\",\"description\":\"Petits accessoires, grande visibilit\u00e9\",\"publisher\":{\"@id\":\"https:\/\/rainette-btob.com\/#organization\"},\"alternateName\":\"Plateforme de vente B2B de la marque Rainette\",\"potentialAction\":[{\"@type\":\"SearchAction\",\"target\":{\"@type\":\"EntryPoint\",\"urlTemplate\":\"https:\/\/rainette-btob.com\/?s={search_term_string}\"},\"query-input\":{\"@type\":\"PropertyValueSpecification\",\"valueRequired\":true,\"valueName\":\"search_term_string\"}}],\"inLanguage\":\"en-US\"},{\"@type\":\"Organization\",\"@id\":\"https:\/\/rainette-btob.com\/#organization\",\"name\":\"Rainette btob\",\"alternateName\":\"Rainette\",\"url\":\"https:\/\/rainette-btob.com\/\",\"logo\":{\"@type\":\"ImageObject\",\"inLanguage\":\"en-US\",\"@id\":\"https:\/\/rainette-btob.com\/#\/schema\/logo\/image\/\",\"url\":\"https:\/\/rainette-btob.com\/wp-content\/uploads\/2026\/04\/cropped-Rainette-logo.png\",\"contentUrl\":\"https:\/\/rainette-btob.com\/wp-content\/uploads\/2026\/04\/cropped-Rainette-logo.png\",\"width\":1480,\"height\":667,\"caption\":\"Rainette btob\"},\"image\":{\"@id\":\"https:\/\/rainette-btob.com\/#\/schema\/logo\/image\/\"}}]}<\/script>\n<!-- \/ Yoast SEO plugin. -->","yoast_head_json":{"title":"Mentions l\u00e9gales\u00a0 - Rainette BtoB","description":"Conform\u00e9ment aux dispositions de la loi n\u00b0 2004-575 du 21 juin 2004 pour la confiance en l'\u00e9conomie num\u00e9rique, il est pr\u00e9cis\u00e9 aux utilisateurs du site","robots":{"index":"index","follow":"follow","max-snippet":"max-snippet:-1","max-image-preview":"max-image-preview:large","max-video-preview":"max-video-preview:-1"},"canonical":"https:\/\/rainette-btob.com\/en\/mentions-legales\/","og_locale":"en_US","og_type":"article","og_title":"Mentions l\u00e9gales\u00a0 - Rainette BtoB","og_description":"Conform\u00e9ment aux dispositions de la loi n\u00b0 2004-575 du 21 juin 2004 pour la confiance en l'\u00e9conomie num\u00e9rique, il est pr\u00e9cis\u00e9 aux utilisateurs du site","og_url":"https:\/\/rainette-btob.com\/en\/mentions-legales\/","og_site_name":"Rainette BtoB","article_modified_time":"2025-09-04T06:11:35+00:00","og_image":[{"width":2000,"height":1333,"url":"https:\/\/rainette-btob.com\/wp-content\/uploads\/2023\/03\/SHOOT-RAINETTE-GRANDREFLECTEURS-YVESQUERE-BD-48.jpg","type":"image\/jpeg"}],"twitter_card":"summary_large_image","twitter_misc":{"Est. reading time":"2 minutes"},"schema":{"@context":"https:\/\/schema.org","@graph":[{"@type":"WebPage","@id":"https:\/\/rainette-btob.com\/mentions-legales\/","url":"https:\/\/rainette-btob.com\/mentions-legales\/","name":"Mentions l\u00e9gales\u00a0 - Rainette BtoB","isPartOf":{"@id":"https:\/\/rainette-btob.com\/#website"},"datePublished":"2023-03-31T13:25:46+00:00","dateModified":"2025-09-04T06:11:35+00:00","description":"Conform\u00e9ment aux dispositions de la loi n\u00b0 2004-575 du 21 juin 2004 pour la confiance en l'\u00e9conomie num\u00e9rique, il est pr\u00e9cis\u00e9 aux utilisateurs du site","breadcrumb":{"@id":"https:\/\/rainette-btob.com\/mentions-legales\/#breadcrumb"},"inLanguage":"en-US","potentialAction":[{"@type":"ReadAction","target":["https:\/\/rainette-btob.com\/mentions-legales\/"]}]},{"@type":"BreadcrumbList","@id":"https:\/\/rainette-btob.com\/mentions-legales\/#breadcrumb","itemListElement":[{"@type":"ListItem","position":1,"name":"Accueil","item":"https:\/\/rainette-btob.com\/"},{"@type":"ListItem","position":2,"name":"Mentions l\u00e9gales\u00a0"}]},{"@type":"WebSite","@id":"https:\/\/rainette-btob.com\/#website","url":"https:\/\/rainette-btob.com\/","name":"Rainette btob","description":"Petits accessoires, grande visibilit\u00e9","publisher":{"@id":"https:\/\/rainette-btob.com\/#organization"},"alternateName":"Plateforme de vente B2B de la marque Rainette","potentialAction":[{"@type":"SearchAction","target":{"@type":"EntryPoint","urlTemplate":"https:\/\/rainette-btob.com\/?s={search_term_string}"},"query-input":{"@type":"PropertyValueSpecification","valueRequired":true,"valueName":"search_term_string"}}],"inLanguage":"en-US"},{"@type":"Organization","@id":"https:\/\/rainette-btob.com\/#organization","name":"Rainette btob","alternateName":"Rainette","url":"https:\/\/rainette-btob.com\/","logo":{"@type":"ImageObject","inLanguage":"en-US","@id":"https:\/\/rainette-btob.com\/#\/schema\/logo\/image\/","url":"https:\/\/rainette-btob.com\/wp-content\/uploads\/2026\/04\/cropped-Rainette-logo.png","contentUrl":"https:\/\/rainette-btob.com\/wp-content\/uploads\/2026\/04\/cropped-Rainette-logo.png","width":1480,"height":667,"caption":"Rainette btob"},"image":{"@id":"https:\/\/rainette-btob.com\/#\/schema\/logo\/image\/"}}]}},"_links":{"self":[{"href":"https:\/\/rainette-btob.com\/en\/wp-json\/wp\/v2\/pages\/515","targetHints":{"allow":["GET"]}}],"collection":[{"href":"https:\/\/rainette-btob.com\/en\/wp-json\/wp\/v2\/pages"}],"about":[{"href":"https:\/\/rainette-btob.com\/en\/wp-json\/wp\/v2\/types\/page"}],"author":[{"embeddable":true,"href":"https:\/\/rainette-btob.com\/en\/wp-json\/wp\/v2\/users\/862"}],"replies":[{"embeddable":true,"href":"https:\/\/rainette-btob.com\/en\/wp-json\/wp\/v2\/comments?post=515"}],"version-history":[{"count":0,"href":"https:\/\/rainette-btob.com\/en\/wp-json\/wp\/v2\/pages\/515\/revisions"}],"wp:attachment":[{"href":"https:\/\/rainette-btob.com\/en\/wp-json\/wp\/v2\/media?parent=515"}],"curies":[{"name":"wp","href":"https:\/\/api.w.org\/{rel}","templated":true}]}}